{"id":3964,"date":"2024-12-11T15:30:04","date_gmt":"2024-12-11T15:30:04","guid":{"rendered":"https:\/\/jakubczyk.art\/?page_id=3964"},"modified":"2025-03-13T07:58:26","modified_gmt":"2025-03-13T07:58:26","slug":"kontakt","status":"publish","type":"page","link":"https:\/\/jakubczyk.art\/en\/kontakt\/","title":{"rendered":"contact"},"content":{"rendered":"\t\t<div data-elementor-type=\"wp-page\" data-elementor-id=\"3964\" class=\"elementor elementor-3964\">\n\t\t\t\t<div class=\"elementor-element elementor-element-73c88ec e-flex e-con-boxed wpr-particle-no wpr-jarallax-no wpr-parallax-no wpr-sticky-section-no e-con e-parent\" data-id=\"73c88ec\" data-element_type=\"container\" data-e-type=\"container\" data-settings=\"{&quot;background_background&quot;:&quot;classic&quot;}\">\n\t\t\t\t\t<div class=\"e-con-inner\">\n\t\t\t\t<div class=\"elementor-element elementor-element-e571809 animated-slow elementor-invisible elementor-widget elementor-widget-heading\" data-id=\"e571809\" data-element_type=\"widget\" data-e-type=\"widget\" data-settings=\"{&quot;_animation&quot;:&quot;fadeIn&quot;}\" data-widget_type=\"heading.default\">\n\t\t\t\t<div class=\"elementor-widget-container\">\n\t\t\t\t\t<h2 class=\"elementor-heading-title elementor-size-default\">Kontakt<\/h2>\t\t\t\t<\/div>\n\t\t\t\t<\/div>\n\t\t<div class=\"elementor-element elementor-element-d5f2200 e-grid e-con-full wpr-particle-no wpr-jarallax-no wpr-parallax-no wpr-sticky-section-no e-con e-child\" data-id=\"d5f2200\" data-element_type=\"container\" data-e-type=\"container\">\n\t\t\t\t<div class=\"elementor-element elementor-element-747957c animated-slow elementor-invisible elementor-widget elementor-widget-text-editor\" data-id=\"747957c\" data-element_type=\"widget\" data-e-type=\"widget\" data-settings=\"{&quot;_animation&quot;:&quot;fadeIn&quot;}\" data-widget_type=\"text-editor.default\">\n\t\t\t\t<div class=\"elementor-widget-container\">\n\t\t\t\t\t\t\t\t\t<p><strong>@: <\/strong><a style=\"color: black;\" href=\"mailto:andrzej@jakubczyk.art\"><span data-ccp-props=\"{}\">andrzej@jakubczyk.art<\/span><\/a><\/p>\n<p><strong>tel.kom.:<\/strong> <a style=\"color: black;\" href=\"tel:+48695467151\">695 467 151<\/a><\/p>\n<p><img fetchpriority=\"high\" decoding=\"async\" class=\"wp-image-4584 size-medium\" src=\"https:\/\/jakubczyk.art\/wp-content\/uploads\/2025\/03\/Andriu-Bulwar-300x243.jpg\" alt=\"\" width=\"300\" height=\"243\" srcset=\"https:\/\/jakubczyk.art\/wp-content\/uploads\/2025\/03\/Andriu-Bulwar-300x243.jpg 300w, https:\/\/jakubczyk.art\/wp-content\/uploads\/2025\/03\/Andriu-Bulwar-768x622.jpg 768w, https:\/\/jakubczyk.art\/wp-content\/uploads\/2025\/03\/Andriu-Bulwar-15x12.jpg 15w, https:\/\/jakubczyk.art\/wp-content\/uploads\/2025\/03\/Andriu-Bulwar-600x486.jpg 600w, https:\/\/jakubczyk.art\/wp-content\/uploads\/2025\/03\/Andriu-Bulwar.jpg 940w\" sizes=\"(max-width: 300px) 100vw, 300px\" \/><\/p>\n<p><!-- \/wp:paragraph --><!-- wp:kadence\/image {\"id\":3161,\"ratio\":\"land32\",\"useRatio\":true,\"linkDestination\":\"none\",\"uniqueID\":\"3292_9a085e-27\",\"imagePosition\":\"46% 67%\"} --><\/p>\n<figure class=\"wp-block-kadence-image kb-image3292_9a085e-27 kb-image-is-ratio-size\"><\/figure>\n<p><!-- \/wp:heading --><\/p>\t\t\t\t\t\t\t\t<\/div>\n\t\t\t\t<\/div>\n\t\t\t\t<div class=\"elementor-element elementor-element-8314501 elementor-widget elementor-widget-wpforms\" data-id=\"8314501\" data-element_type=\"widget\" data-e-type=\"widget\" data-widget_type=\"wpforms.default\">\n\t\t\t\t<div class=\"elementor-widget-container\">\n\t\t\t\t\t<style id=\"wpforms-css-vars-elementor-widget-8314501\">\n\t\t\t\t.elementor-widget-wpforms.elementor-element-8314501 {\n\t\t\t\t--wpforms-button-background-color: #6f2a49;\n--wpforms-field-size-input-height: 31px;\n--wpforms-field-size-input-spacing: 10px;\n--wpforms-field-size-font-size: 14px;\n--wpforms-field-size-line-height: 17px;\n--wpforms-field-size-padding-h: 9px;\n--wpforms-field-size-checkbox-size: 14px;\n--wpforms-field-size-sublabel-spacing: 5px;\n--wpforms-field-size-icon-size: 0.75;\n--wpforms-label-size-font-size: 18px;\n--wpforms-label-size-line-height: 21px;\n--wpforms-label-size-sublabel-font-size: 16px;\n--wpforms-label-size-sublabel-line-height: 19px;\n--wpforms-button-size-font-size: 14px;\n--wpforms-button-size-height: 37px;\n--wpforms-button-size-padding-h: 15px;\n--wpforms-button-size-margin-top: 5px;\n\t\t\t}\n\t\t\t<\/style><div class=\"wpforms-container wpforms-container-full wpforms-render-modern\" id=\"wpforms-4231\"><form id=\"wpforms-form-4231\" class=\"wpforms-validate wpforms-form wpforms-ajax-form\" data-formid=\"4231\" method=\"post\" enctype=\"multipart\/form-data\" action=\"\/en\/wp-json\/wp\/v2\/pages\/3964\" data-token=\"52eb5da2cb3ebb5019bafefd919f785c\" data-token-time=\"1776770988\"><noscript class=\"wpforms-error-noscript\">Please enable JavaScript in your browser to complete this form.<\/noscript><div id=\"wpforms-error-noscript\" style=\"display: none;\">Please enable JavaScript in your browser to complete this form.<\/div><div class=\"wpforms-field-container\">\t\t<div id=\"wpforms-4231-field_4-container\"\n\t\t\tclass=\"wpforms-field wpforms-field-text\"\n\t\t\tdata-field-type=\"text\"\n\t\t\tdata-field-id=\"4\"\n\t\t\t>\n\t\t\t<label class=\"wpforms-field-label\" for=\"wpforms-4231-field_4\" >Adres e-mail wiadomo\u015b\u0107<\/label>\n\t\t\t<input type=\"text\" id=\"wpforms-4231-field_4\" class=\"wpforms-field-medium\" name=\"wpforms[fields][4]\" >\n\t\t<\/div>\n\t\t<div id=\"wpforms-4231-field_1-container\" class=\"wpforms-field wpforms-field-name\" data-field-id=\"1\"><label class=\"wpforms-field-label\" for=\"wpforms-4231-field_1\">Imi\u0119 i nazwisko <span class=\"wpforms-required-label\" aria-hidden=\"true\">*<\/span><\/label><input type=\"text\" id=\"wpforms-4231-field_1\" class=\"wpforms-field-medium wpforms-field-required\" name=\"wpforms[fields][1]\" aria-errormessage=\"wpforms-4231-field_1-error\" required><\/div><div id=\"wpforms-4231-field_2-container\" class=\"wpforms-field wpforms-field-email\" data-field-id=\"2\"><label class=\"wpforms-field-label\" for=\"wpforms-4231-field_2\">Adres e-mail <span class=\"wpforms-required-label\" aria-hidden=\"true\">*<\/span><\/label><input type=\"email\" id=\"wpforms-4231-field_2\" class=\"wpforms-field-medium wpforms-field-required\" name=\"wpforms[fields][2]\" spellcheck=\"false\" aria-errormessage=\"wpforms-4231-field_2-error\" required><\/div><div id=\"wpforms-4231-field_3-container\" class=\"wpforms-field wpforms-field-textarea\" data-field-id=\"3\"><label class=\"wpforms-field-label\" for=\"wpforms-4231-field_3\">Komentarz lub wiadomo\u015b\u0107<\/label><textarea id=\"wpforms-4231-field_3\" class=\"wpforms-field-small\" name=\"wpforms[fields][3]\" aria-errormessage=\"wpforms-4231-field_3-error\" ><\/textarea><\/div><script>\n\t\t\t\t( function() {\n\t\t\t\t\tconst style = document.createElement( 'style' );\n\t\t\t\t\tstyle.appendChild( document.createTextNode( '#wpforms-4231-field_4-container { position: absolute !important; overflow: hidden !important; display: inline !important; height: 1px !important; width: 1px !important; z-index: -1000 !important; padding: 0 !important; } #wpforms-4231-field_4-container input { visibility: hidden; } #wpforms-conversational-form-page #wpforms-4231-field_4-container label { counter-increment: none; }' ) );\n\t\t\t\t\tdocument.head.appendChild( style );\n\t\t\t\t\tdocument.currentScript?.remove();\n\t\t\t\t} )();\n\t\t\t<\/script><\/div><!-- .wpforms-field-container --><div class=\"wpforms-submit-container\" ><input type=\"hidden\" name=\"wpforms[id]\" value=\"4231\"><input type=\"hidden\" name=\"page_title\" value=\"\"><input type=\"hidden\" name=\"page_url\" value=\"https:\/\/jakubczyk.art\/en\/wp-json\/wp\/v2\/pages\/3964\"><input type=\"hidden\" name=\"url_referer\" value=\"\"><button type=\"submit\" name=\"wpforms[submit]\" id=\"wpforms-submit-4231\" class=\"wpforms-submit\" data-alt-text=\"Wysy\u0142anie...\" data-submit-text=\"Prze\u015blij\" aria-live=\"assertive\" value=\"wpforms-submit\">Prze\u015blij<\/button><img decoding=\"async\" src=\"https:\/\/jakubczyk.art\/wp-content\/plugins\/wpforms-lite\/assets\/images\/submit-spin.svg\" class=\"wpforms-submit-spinner\" style=\"display: none;\" width=\"26\" height=\"26\" alt=\"Loading\"><\/div><\/form><\/div>  <!-- .wpforms-container -->\t\t\t\t<\/div>\n\t\t\t\t<\/div>\n\t\t\t\t<\/div>\n\t\t\t\t\t<\/div>\n\t\t\t\t<\/div>\n\t\t<div class=\"elementor-element elementor-element-15e14af e-flex e-con-boxed wpr-particle-no wpr-jarallax-no wpr-parallax-no wpr-sticky-section-no e-con e-parent\" data-id=\"15e14af\" data-element_type=\"container\" data-e-type=\"container\">\n\t\t\t\t\t<div class=\"e-con-inner\">\n\t\t\t\t\t<\/div>\n\t\t\t\t<\/div>\n\t\t\t\t<\/div>\n\t\t","protected":false},"excerpt":{"rendered":"<p>Kontakt @: andrzej@jakubczyk.art tel.kom.: 695 467 151 Aby wype\u0142ni\u0107 ten formularz, w\u0142\u0105cz obs\u0142ug\u0119 JavaScript w przegl\u0105darce.Aby wype\u0142ni\u0107 ten formularz, w\u0142\u0105cz obs\u0142ug\u0119 JavaScript w przegl\u0105darce.Imi\u0119 i nazwisko *Adres e-mail *Komentarz lub wiadomo\u015b\u0107 Prze\u015blij<\/p>","protected":false},"author":6,"featured_media":0,"parent":0,"menu_order":0,"comment_status":"closed","ping_status":"closed","template":"","meta":{"_kadence_starter_templates_imported_post":false,"footnotes":""},"class_list":["post-3964","page","type-page","status-publish","hentry"],"_links":{"self":[{"href":"https:\/\/jakubczyk.art\/en\/wp-json\/wp\/v2\/pages\/3964","targetHints":{"allow":["GET"]}}],"collection":[{"href":"https:\/\/jakubczyk.art\/en\/wp-json\/wp\/v2\/pages"}],"about":[{"href":"https:\/\/jakubczyk.art\/en\/wp-json\/wp\/v2\/types\/page"}],"author":[{"embeddable":true,"href":"https:\/\/jakubczyk.art\/en\/wp-json\/wp\/v2\/users\/6"}],"replies":[{"embeddable":true,"href":"https:\/\/jakubczyk.art\/en\/wp-json\/wp\/v2\/comments?post=3964"}],"version-history":[{"count":169,"href":"https:\/\/jakubczyk.art\/en\/wp-json\/wp\/v2\/pages\/3964\/revisions"}],"predecessor-version":[{"id":4590,"href":"https:\/\/jakubczyk.art\/en\/wp-json\/wp\/v2\/pages\/3964\/revisions\/4590"}],"wp:attachment":[{"href":"https:\/\/jakubczyk.art\/en\/wp-json\/wp\/v2\/media?parent=3964"}],"curies":[{"name":"wp","href":"https:\/\/api.w.org\/{rel}","templated":true}]}}