{"id":3696,"date":"2024-12-10T01:33:51","date_gmt":"2024-12-10T01:33:51","guid":{"rendered":"https:\/\/jakubczyk.art\/?page_id=3696"},"modified":"2025-01-28T06:23:52","modified_gmt":"2025-01-28T06:23:52","slug":"wystawy","status":"publish","type":"page","link":"https:\/\/jakubczyk.art\/en\/wystawy\/","title":{"rendered":"exhibitions"},"content":{"rendered":"<div data-elementor-type=\"wp-page\" data-elementor-id=\"3696\" class=\"elementor elementor-3696\">\n\t\t\t\t<div class=\"elementor-element elementor-element-73c88ec e-flex e-con-boxed wpr-particle-no wpr-jarallax-no wpr-parallax-no wpr-sticky-section-no e-con e-parent\" data-id=\"73c88ec\" data-element_type=\"container\" data-e-type=\"container\" data-settings=\"{&quot;background_background&quot;:&quot;classic&quot;}\">\n\t\t\t\t\t<div class=\"e-con-inner\">\n\t\t\t\t<div class=\"elementor-element elementor-element-e571809 animated-slow elementor-invisible elementor-widget elementor-widget-heading\" data-id=\"e571809\" data-element_type=\"widget\" data-e-type=\"widget\" data-settings=\"{&quot;_animation&quot;:&quot;fadeIn&quot;}\" data-widget_type=\"heading.default\">\n\t\t\t\t<div class=\"elementor-widget-container\">\n\t\t\t\t\t<h2 class=\"elementor-heading-title elementor-size-default\">Exhibitions<\/h2>\t\t\t\t<\/div>\n\t\t\t\t<\/div>\n\t\t\t\t<div class=\"elementor-element elementor-element-6b0fc96 animated-slow elementor-invisible elementor-widget elementor-widget-image\" data-id=\"6b0fc96\" data-element_type=\"widget\" data-e-type=\"widget\" data-settings=\"{&quot;_animation&quot;:&quot;fadeIn&quot;}\" data-widget_type=\"image.default\">\n\t\t\t\t<div class=\"elementor-widget-container\">\n\t\t\t\t\t\t\t\t\t\t\t\t\t\t\t<img fetchpriority=\"high\" decoding=\"async\" width=\"960\" height=\"720\" src=\"https:\/\/jakubczyk.art\/wp-content\/uploads\/2024\/12\/autor-1-1.jpg\" class=\"attachment-full size-full wp-image-3790\" alt=\"\" srcset=\"https:\/\/jakubczyk.art\/wp-content\/uploads\/2024\/12\/autor-1-1.jpg 960w, https:\/\/jakubczyk.art\/wp-content\/uploads\/2024\/12\/autor-1-1-300x225.jpg 300w, https:\/\/jakubczyk.art\/wp-content\/uploads\/2024\/12\/autor-1-1-768x576.jpg 768w, https:\/\/jakubczyk.art\/wp-content\/uploads\/2024\/12\/autor-1-1-600x450.jpg 600w\" sizes=\"(max-width: 960px) 100vw, 960px\" \/>\t\t\t\t\t\t\t\t\t\t\t\t\t\t\t<\/div>\n\t\t\t\t<\/div>\n\t\t\t\t<div class=\"elementor-element elementor-element-747957c animated-slow elementor-invisible elementor-widget elementor-widget-text-editor\" data-id=\"747957c\" data-element_type=\"widget\" data-e-type=\"widget\" data-settings=\"{&quot;_animation&quot;:&quot;fadeIn&quot;}\" data-widget_type=\"text-editor.default\">\n\t\t\t\t<div class=\"elementor-widget-container\">\n\t\t\t\t\t\t\t\t\t<p>He organized his first painting exhibition on 21.09.2013 at the big hunting festival in Lavshov near Boleslavets.<\/p>\n<p><strong>Other exhibitions:<\/strong><\/p>\n<p>II charity festival in Svyatoshov May 2014 Municipal Cultural Center in Lavshov July 2014<\/p>\n<p>10th Tank Cavalry Brigade Club in Svyatoshovo January 2015<\/p>\n<p>Osechnitsa Municipal Public Library February 2015<\/p>\n<p>Cooperative House of Culture Wroclaw January 2017<\/p>\n<p>Exhibition of paintings at the poetry evening in the Art Gallery and at the meeting place<br>Snail in Wroclaw May 2017<\/p>\n<p>Center for Social Activity in Svyatoshovo May 2017<\/p>\n<p>Lower Silesian Society of Plastic Artists in Wroclaw August 2017<\/p>\n<p>Oder Days Boulevard Xawerego Dunikowskiego Wroclaw May 2018 open air exhibition<\/p>\n<p>Depot History Center in Wroc\u0142aw DSAP collective exhibition Wroc\u0142aw 60th anniversary November 2018<\/p>\n<p>Bakara Cultural Center Wroclaw exhibition exposition March 2019<\/p>\n<p>IV meeting with art at DSAP in Wroclaw presentation of creativity June 2019<\/p>\n<p>City Museum &#034;Gerhart Hauptmann House&#034; in Yagnenkovo DSAP collective exhibition June 2019<\/p>\n<p>Club IV of the logistics base in Wroclaw DSAP group exhibition September 2019<\/p>\n<p>DSAP Wroclaw winter themed exhibition joint opening day December 2019<\/p>\n<p>Permanent participant of the cyclical exhibition of paintings in Wroclaw Prospekt iskusstva Dunikovsky Boulevard since 2021<\/p>\n<p>Wystawa plenerowa Dni Europy Ole\u015bnica&nbsp;&nbsp;wrzesie\u0144 2022<\/p>\n<p>Bakariada&#039;s art review and place in the &#034;painting&#034; category November 2022<\/p>\n<p>Wroc\u0142aw Town Hall-65th anniversary of the Lower Silesian Association of Pastiche Artists in Wroc\u0142aw October 2023<\/p>\n<p>Bakariada art review 5 Grand Prix in the category &#034;painting&#034; November 2023&nbsp;<\/p>\n<p>Permanent exhibition of watercolors at the headquarters of the 10th Tank Brigade in Svyatoshov since 2015<\/p>\n<p><!-- \/wp:paragraph --><!-- wp:kadence\/image {\"id\":3161,\"ratio\":\"land32\",\"useRatio\":true,\"linkDestination\":\"none\",\"uniqueID\":\"3292_9a085e-27\",\"imagePosition\":\"46% 67%\"} --><\/p>\n<figure class=\"wp-block-kadence-image kb-image3292_9a085e-27 kb-image-is-ratio-size\"><\/figure>\n<p><!-- \/wp:heading --><\/p>\t\t\t\t\t\t\t\t<\/div>\n\t\t\t\t<\/div>\n\t\t\t\t\t<\/div>\n\t\t\t\t<\/div>\n\t\t<div class=\"elementor-element elementor-element-15e14af e-flex e-con-boxed wpr-particle-no wpr-jarallax-no wpr-parallax-no wpr-sticky-section-no e-con e-parent\" data-id=\"15e14af\" data-element_type=\"container\" data-e-type=\"container\">\n\t\t\t\t\t<div class=\"e-con-inner\">\n\t\t\t\t\t<\/div>\n\t\t\t\t<\/div>\n\t\t\t\t<\/div>","protected":false},"excerpt":{"rendered":"<p>Wystawy Swoj\u0105 pierwsz\u0105 wystaw\u0119 malarsk\u0105 zorganizowa\u0142 21.09.2013 na Wielkiej Biesiadzie My\u015bliwskiej w \u0141awszowej ko\u0142o Boles\u0142awca. Kolejne wystawy: II Festyn Charytatywny w \u015awi\u0119toszowie maj 2014 Gminny O\u015brodek Kultury w \u0141awszowej lipiec 2014 Klub 10 Brygady Kawalerii Pancernej w \u015awi\u0119toszowie stycze\u0144 2015 Gminna Biblioteka Publiczna w Osiecznicy luty 2015 Sp\u00f3\u0142dzielczy Dom Kultury Wroc\u0142aw stycze\u0144 2017 Wystawa obraz\u00f3w na wieczorze poetyckim w Galerii Sztuki i Miejscu Spotka\u0144\u015aLIMAK we Wroc\u0142awiu maj 2017 Centrum Aktywno\u015bci Spo\u0142ecznej w \u015awi\u0119toszowie maj 2017 Dolno\u015bl\u0105skie Stowarzyszenie Artyst\u00f3w Plastyk\u00f3w we Wroc\u0142awiu sierpie\u0144 2017 Dni Odry Bulwar Xawerego Dunikowskiego Wroc\u0142aw maj 2018 wystawa plenerowa Centrum Historii Zajezdnia we Wroc\u0142awiu wystawa zbiorowa DSAP Wroc\u0142aw 60-lecie istnienia listopad 2018 Centrum Kultury \u201eBakara\u201d Wroc\u0142aw ekspozycja wystawy marzec 2019 IV Spotkanie ze Sztuk\u0105 w DSAP we Wroc\u0142awiu prezentacja tw\u00f3rczo\u015bci czerwiec 2019 Muzeum Miejskie \u201eDom Gerharta Hauptmanna\u201d w Jagni\u0105tkowie wystawa zbiorowa DSAP czerwiec 2019 Klub IV Bazy Logistycznej we Wroc\u0142awiu wystawa zbiorowa DSAP wrzesie\u0144 2019 DSAP Wroc\u0142aw wystawa o tematyce zimowej wernisa\u017c wsp\u00f3lny grudzie\u0144 2019 Sta\u0142y uczestnik cyklicznej wystawy malarskiej we Wroc\u0142awiu Aleja Sztuki Bulwar Dunikowskieg od 2021 Wystawa plenerowa Dni Europy Ole\u015bnica&nbsp;&nbsp;wrzesie\u0144 2022 Przegl\u0105d Tw\u00f3rczo\u015bci Artystycznej Bakariada I miejsce w kategorii \u201emalarstwo\u201d listopad 2022 Wstawa zbiorowa Ratusz Wroc\u0142awski \u2013 65 Jubileusz Dolno\u015bl\u0105skiego Stowarzyszenia Artyst\u00f3w Pastyk\u00f3w we Wroc\u0142awiu pa\u017adziernik 2023 Przegl\u0105d Tw\u00f3rczo\u015bci Artystycznej Bakariada 5 Grand Prix w kategorii \u201emalarstwo\u201d listopad 2023&nbsp; Sta\u0142a wystawa akwareli w sztabie 10 Brygady Pancernej w \u015awi\u0119toszowie od 2015<\/p>","protected":false},"author":6,"featured_media":0,"parent":0,"menu_order":0,"comment_status":"closed","ping_status":"closed","template":"","meta":{"_kadence_starter_templates_imported_post":false,"footnotes":""},"class_list":["post-3696","page","type-page","status-publish","hentry"],"_links":{"self":[{"href":"https:\/\/jakubczyk.art\/en\/wp-json\/wp\/v2\/pages\/3696","targetHints":{"allow":["GET"]}}],"collection":[{"href":"https:\/\/jakubczyk.art\/en\/wp-json\/wp\/v2\/pages"}],"about":[{"href":"https:\/\/jakubczyk.art\/en\/wp-json\/wp\/v2\/types\/page"}],"author":[{"embeddable":true,"href":"https:\/\/jakubczyk.art\/en\/wp-json\/wp\/v2\/users\/6"}],"replies":[{"embeddable":true,"href":"https:\/\/jakubczyk.art\/en\/wp-json\/wp\/v2\/comments?post=3696"}],"version-history":[{"count":31,"href":"https:\/\/jakubczyk.art\/en\/wp-json\/wp\/v2\/pages\/3696\/revisions"}],"predecessor-version":[{"id":4529,"href":"https:\/\/jakubczyk.art\/en\/wp-json\/wp\/v2\/pages\/3696\/revisions\/4529"}],"wp:attachment":[{"href":"https:\/\/jakubczyk.art\/en\/wp-json\/wp\/v2\/media?parent=3696"}],"curies":[{"name":"wp","href":"https:\/\/api.w.org\/{rel}","templated":true}]}}