{"id":3597,"date":"2024-12-03T23:52:01","date_gmt":"2024-12-03T23:52:01","guid":{"rendered":"https:\/\/jakubczyk.art\/?page_id=3597"},"modified":"2025-01-27T12:32:54","modified_gmt":"2025-01-27T12:32:54","slug":"biografia","status":"publish","type":"page","link":"https:\/\/jakubczyk.art\/en\/biografia\/","title":{"rendered":"biography"},"content":{"rendered":"<div data-elementor-type=\"wp-page\" data-elementor-id=\"3597\" class=\"elementor elementor-3597\">\n\t\t\t\t<div class=\"elementor-element elementor-element-456580e e-con-full animated-slow e-flex wpr-particle-no wpr-jarallax-no wpr-parallax-no wpr-sticky-section-no elementor-invisible e-con e-parent\" data-id=\"456580e\" data-element_type=\"container\" data-e-type=\"container\" data-settings=\"{&quot;background_background&quot;:&quot;classic&quot;,&quot;animation&quot;:&quot;fadeIn&quot;}\">\n\t\t<div class=\"elementor-element elementor-element-c4f9b35 e-flex e-con-boxed wpr-particle-no wpr-jarallax-no wpr-parallax-no wpr-sticky-section-no e-con e-child\" data-id=\"c4f9b35\" data-element_type=\"container\" data-e-type=\"container\">\n\t\t\t\t\t<div class=\"e-con-inner\">\n\t\t\t\t<div class=\"elementor-element elementor-element-a15b13f animated-slow elementor-view-default elementor-invisible elementor-widget elementor-widget-icon\" data-id=\"a15b13f\" data-element_type=\"widget\" data-e-type=\"widget\" data-settings=\"{&quot;_animation&quot;:&quot;bounceIn&quot;}\" data-widget_type=\"icon.default\">\n\t\t\t\t<div class=\"elementor-widget-container\">\n\t\t\t\t\t\t\t<div class=\"elementor-icon-wrapper\">\n\t\t\t<a class=\"elementor-icon\" href=\"#biografia\">\n\t\t\t<i aria-hidden=\"true\" class=\"icon icon-download-arrow\"><\/i>\t\t\t<\/a>\n\t\t<\/div>\n\t\t\t\t\t\t<\/div>\n\t\t\t\t<\/div>\n\t\t\t\t<div class=\"elementor-element elementor-element-2cb82bb animated-slow elementor-invisible elementor-widget elementor-widget-text-editor\" data-id=\"2cb82bb\" data-element_type=\"widget\" data-e-type=\"widget\" data-settings=\"{&quot;_animation&quot;:&quot;fadeIn&quot;}\" data-widget_type=\"text-editor.default\">\n\t\t\t\t<div class=\"elementor-widget-container\">\n\t\t\t\t\t\t\t\t\t<p><span class=\"TextRun SCXW82960400 BCX0\" lang=\"PL-PL\" xml:lang=\"PL-PL\" data-contrast=\"none\"><span class=\"NormalTextRun SCXW82960400 BCX0\">Born on 22.04.1966 <\/span><span class=\"NormalTextRun SCXW82960400 BCX0\">now he lives and creates in Wroclaw.<\/span><\/span><span class=\"EOP SCXW82960400 BCX0\" data-ccp-props=\"{}\">\u00a0<\/span><\/p>\t\t\t\t\t\t\t\t<\/div>\n\t\t\t\t<\/div>\n\t\t\t\t\t<\/div>\n\t\t\t\t<\/div>\n\t\t\t\t<\/div>\n\t\t<div class=\"elementor-element elementor-element-73c88ec e-flex e-con-boxed wpr-particle-no wpr-jarallax-no wpr-parallax-no wpr-sticky-section-no e-con e-parent\" data-id=\"73c88ec\" data-element_type=\"container\" data-e-type=\"container\" data-settings=\"{&quot;background_background&quot;:&quot;classic&quot;}\">\n\t\t\t\t\t<div class=\"e-con-inner\">\n\t\t\t\t<div class=\"elementor-element elementor-element-aa3d3aa elementor-widget elementor-widget-menu-anchor\" data-id=\"aa3d3aa\" data-element_type=\"widget\" data-e-type=\"widget\" data-widget_type=\"menu-anchor.default\">\n\t\t\t\t<div class=\"elementor-widget-container\">\n\t\t\t\t\t\t\t<div class=\"elementor-menu-anchor\" id=\"biografia\"><\/div>\n\t\t\t\t\t\t<\/div>\n\t\t\t\t<\/div>\n\t\t\t\t<div class=\"elementor-element elementor-element-e571809 animated-slow elementor-invisible elementor-widget elementor-widget-heading\" data-id=\"e571809\" data-element_type=\"widget\" data-e-type=\"widget\" data-settings=\"{&quot;_animation&quot;:&quot;fadeIn&quot;}\" data-widget_type=\"heading.default\">\n\t\t\t\t<div class=\"elementor-widget-container\">\n\t\t\t\t\t<h2 class=\"elementor-heading-title elementor-size-default\">Biography<\/h2>\t\t\t\t<\/div>\n\t\t\t\t<\/div>\n\t\t\t\t<div class=\"elementor-element elementor-element-747957c animated-slow elementor-invisible elementor-widget elementor-widget-text-editor\" data-id=\"747957c\" data-element_type=\"widget\" data-e-type=\"widget\" data-settings=\"{&quot;_animation&quot;:&quot;fadeIn&quot;}\" data-widget_type=\"text-editor.default\">\n\t\t\t\t<div class=\"elementor-widget-container\">\n\t\t\t\t\t\t\t\t\t<div class=\"wp-block-group has-global-padding is-layout-constrained wp-block-group-is-layout-constrained\">\n<p>Born on 22.04.1966 in Zhagan, now lives and works in Wroclaw. By education, a technician, plastic artist, creator of watercolors and acrylics. Active public figure and sympathizer of positive people.<\/p>\n<\/div>\n<p>The year 2012 is a turning point in both social and artistic activities. As founder and president of the Sacred Heart Historical Society, he recreated the forgotten history of the city&#039;s prisoner-of-war camps from 1914 to 1954, memorializing the slain prisoners with a monument of which he was the creator, author, and performer.<\/p>\n<p>2012 also marks the return and development of his passions. His paintings are characterized by a variety of themes, techniques, subtlety of style and color. 2019-2023 Member of the Board of the Lower Silesian Union of Artists in Wroclaw. Permanent participant of the cyclic painting exhibition Prospekt iskusstva Dunikovsky Boulevard in Wroclaw. Participant of many exhibitions of paintings, co-organizer of events related to the development of the culture of Wroclaw, participant of poetry and art meetings.<\/p>\n<p>The author of paintings to the poems of his wife Anna Yakubchik Silikanovskaya in the volume &#034;I touch the shadows&#034;.<\/p>\n<p>His works are in great demand in collections at home and abroad.He also creates for special orders of art lovers.<\/p>\n<p>Awarded the Badge of Honor for the Lower Silesian Voivodeship<\/p>\n<p><!-- \/wp:paragraph --><!-- wp:kadence\/image {\"id\":3161,\"ratio\":\"land32\",\"useRatio\":true,\"linkDestination\":\"none\",\"uniqueID\":\"3292_9a085e-27\",\"imagePosition\":\"46% 67%\"} --><\/p>\n<figure class=\"wp-block-kadence-image kb-image3292_9a085e-27 kb-image-is-ratio-size\"><\/figure>\n<p><!-- \/wp:heading --><\/p>\t\t\t\t\t\t\t\t<\/div>\n\t\t\t\t<\/div>\n\t\t\t\t<div class=\"elementor-element elementor-element-4d77587 animated-slow elementor-invisible elementor-widget elementor-widget-heading\" data-id=\"4d77587\" data-element_type=\"widget\" data-e-type=\"widget\" data-settings=\"{&quot;_animation&quot;:&quot;fadeIn&quot;}\" data-widget_type=\"heading.default\">\n\t\t\t\t<div class=\"elementor-widget-container\">\n\t\t\t\t\t<h2 class=\"elementor-heading-title elementor-size-default\">Important postcards from the calendar<\/h2>\t\t\t\t<\/div>\n\t\t\t\t<\/div>\n\t\t\t\t<div class=\"elementor-element elementor-element-b6e2fd1 animated-slow wpr-list-style-none elementor-invisible elementor-widget elementor-widget-wpr-posts-timeline\" data-id=\"b6e2fd1\" data-element_type=\"widget\" data-e-type=\"widget\" data-settings=\"{&quot;_animation&quot;:&quot;fadeIn&quot;,&quot;animation_offset&quot;:150,&quot;aos_animation_duration&quot;:600}\" data-widget_type=\"wpr-posts-timeline.default\">\n\t\t\t\t<div class=\"elementor-widget-container\">\n\t\t\t\t\t\n\t\t<div class=\"wpr-wrapper wpr-vertical wpr-centered\">\n\t\t\t<div class=\"wpr-timeline-centered wpr-line wpr-both-sided-timeline\"><div class=\"wpr-middle-line\"><\/div><div class=\"wpr-timeline-fill\" data-layout=\"centered\"><\/div><span class=\"wpr-year-wrap\"><span class=\"wpr-year-label wpr-year\">2012<\/span><\/span><article class=\"wpr-timeline-entry wpr-left-aligned elementor-repeater-item-b4535be\" data-item-id=\"elementor-repeater-item-b4535be\"><time class=\"wpr-extra-label\" data-aos=\"fade\" data-aos-left=\"\" data-aos-right=\"\" data-animation-offset=\"150\" data-animation-duration=\"600\"><span class=\"wpr-label\">2012<\/span><span class=\"wpr-sub-label\">Breakthrough in business<\/span><\/time><div class=\"wpr-timeline-entry-inner\"><div class=\"wpr-main-line-icon wpr-icon\"><i aria-hidden=\"true\" class=\"far fa-flag\"><\/i><\/div><div class=\"wpr-story-info-vertical wpr-data-wrap\"  data-aos=\"fade\" data-aos-left=\"\" data-aos-right=\"\" data-animation-offset=\"150\" data-animation-duration=\"600\"><div class=\"wpr-animation-wrap wpr-timeline-media\"><img fetchpriority=\"high\" decoding=\"async\" width=\"1920\" height=\"1149\" src=\"https:\/\/jakubczyk.art\/wp-content\/uploads\/2024\/12\/baner-1.jpg\" class=\"attachment-full size-full\" alt=\"\" srcset=\"https:\/\/jakubczyk.art\/wp-content\/uploads\/2024\/12\/baner-1.jpg 1920w, https:\/\/jakubczyk.art\/wp-content\/uploads\/2024\/12\/baner-1-300x180.jpg 300w, https:\/\/jakubczyk.art\/wp-content\/uploads\/2024\/12\/baner-1-1024x613.jpg 1024w, https:\/\/jakubczyk.art\/wp-content\/uploads\/2024\/12\/baner-1-768x460.jpg 768w, https:\/\/jakubczyk.art\/wp-content\/uploads\/2024\/12\/baner-1-1536x919.jpg 1536w, https:\/\/jakubczyk.art\/wp-content\/uploads\/2024\/12\/baner-1-600x359.jpg 600w\" sizes=\"(max-width: 1920px) 100vw, 1920px\" \/><\/div><div class=\"wpr-timeline-content-wrapper\"><div class=\"wpr-content-wrapper\"><div class=\"wpr-title-wrap\"><span class=\"wpr-title\">Powr\u00f3t i rozw\u00f3j pasji artystycznej<\/span><\/div><div class=\"wpr-description\"><p><span data-contrast=\"none\">As founder and President of the Svyatosh Historical Society <\/span><span data-contrast=\"none\">he recreated the history of the forgotten POW camps in 1914-1954<\/span><span data-ccp-props=\"{}\">\u00a0<\/span><span data-contrast=\"none\">perpetuating the memory of the killed prisoners with a monument, <\/span><span data-contrast=\"none\">the creator, project author, and performer.<\/span><\/p><\/div><\/div><\/div><\/div>\n\t\t\t\t\t\t<\/div>\n\t\t\t\t<\/article><article class=\"wpr-timeline-entry wpr-right-aligned elementor-repeater-item-029e680\" data-item-id=\"elementor-repeater-item-029e680\"><time class=\"wpr-extra-label\" data-aos=\"fade\" data-aos-left=\"\" data-aos-right=\"\" data-animation-offset=\"150\" data-animation-duration=\"600\"><span class=\"wpr-label\">21.09.2013<\/span><span class=\"wpr-sub-label\">The first exhibition of paintings<\/span><\/time><div class=\"wpr-timeline-entry-inner\"><div class=\"wpr-main-line-icon wpr-icon\"><i aria-hidden=\"true\" class=\"far fa-paper-plane\"><\/i><\/div><div class=\"wpr-story-info-vertical wpr-data-wrap\"  data-aos=\"fade\" data-aos-left=\"\" data-aos-right=\"\" data-animation-offset=\"150\" data-animation-duration=\"600\"><div class=\"wpr-animation-wrap wpr-timeline-media\"><img decoding=\"async\" width=\"812\" height=\"610\" src=\"https:\/\/jakubczyk.art\/wp-content\/uploads\/2024\/12\/Biesiada-Lawszowa-2013.jpg\" class=\"attachment-full size-full\" alt=\"\" srcset=\"https:\/\/jakubczyk.art\/wp-content\/uploads\/2024\/12\/Biesiada-Lawszowa-2013.jpg 812w, https:\/\/jakubczyk.art\/wp-content\/uploads\/2024\/12\/Biesiada-Lawszowa-2013-300x225.jpg 300w, https:\/\/jakubczyk.art\/wp-content\/uploads\/2024\/12\/Biesiada-Lawszowa-2013-768x577.jpg 768w, https:\/\/jakubczyk.art\/wp-content\/uploads\/2024\/12\/Biesiada-Lawszowa-2013-600x451.jpg 600w\" sizes=\"(max-width: 812px) 100vw, 812px\" \/><\/div><div class=\"wpr-timeline-content-wrapper\"><div class=\"wpr-content-wrapper\"><div class=\"wpr-title-wrap\"><span class=\"wpr-title\">Wystawa<\/span><\/div><div class=\"wpr-description\"><p><span data-contrast=\"none\">He organized his first painting exhibition on 21.09.2013\u00a0<\/span><span data-ccp-props=\"{}\">\u00a0<\/span><span data-contrast=\"none\">at the big hunting feast in Lavshov near Boleslavets.<\/span><\/p><\/div><\/div><\/div><\/div>\n\t\t\t\t\t\t<\/div>\n\t\t\t\t<\/article><\/div>    \n\t\t\t<\/div>\t\t\t\t<\/div>\n\t\t\t\t<\/div>\n\t\t\t\t<div class=\"elementor-element elementor-element-3cccc26 animated-slow elementor-invisible elementor-widget elementor-widget-text-editor\" data-id=\"3cccc26\" data-element_type=\"widget\" data-e-type=\"widget\" data-settings=\"{&quot;_animation&quot;:&quot;fadeIn&quot;}\" data-widget_type=\"text-editor.default\">\n\t\t\t\t<div class=\"elementor-widget-container\">\n\t\t\t\t\t\t\t\t\t<p><strong>Next exhibitions:\u00a0\u00a0\u00a0<\/strong><\/p>\n<p>II charity festival in Svyatoshov May 2014 Municipal Cultural Center in Lavshov July 2014<\/p>\n<p>10th Tank Cavalry Brigade Club in Svyatoshovo January 2015<\/p>\n<p>Osechnitsa Municipal Public Library February 2015<\/p>\n<p>Cooperative House of Culture Wroclaw January 2017<\/p>\n<p>Exhibition of paintings at the poetry evening in the Art Gallery and at the meeting place<br \/>Snail in Wroclaw May 2017<\/p>\n<p>Center for Social Activity in Svyatoshovo May 2017<\/p>\n<p>Lower Silesian Society of Plastic Artists in Wroclaw August 2017<\/p>\n<p>Oder Days Boulevard Xawerego Dunikowskiego Wroclaw May 2018 open air exhibition<\/p>\n<p>Depot History Center in Wroc\u0142aw DSAP collective exhibition Wroc\u0142aw 60th anniversary November 2018<\/p>\n<p>Bakara Cultural Center Wroclaw exhibition exposition March 2019<\/p>\n<p>IV meeting with art at DSAP in Wroclaw presentation of creativity June 2019<\/p>\n<p>City Museum &#034;Gerhart Hauptmann House&#034; in Yagnenkovo DSAP collective exhibition June 2019<\/p>\n<p>Club IV of the logistics base in Wroclaw DSAP group exhibition September 2019<\/p>\n<p>DSAP Wroclaw winter themed exhibition joint opening day December 2019<\/p>\n<p>Permanent participant of the cyclical exhibition of paintings in Wroclaw Prospekt iskusstva Dunikovsky Boulevard since 2021<\/p>\n<p>Open air exhibition Days of Europe Olesnica September 2022<\/p>\n<p>Bakariada&#039;s art review and place in the &#034;painting&#034; category November 2022<\/p>\n<p>\u00a0<\/p>\n<p>Wroc\u0142aw Town Hall-65th anniversary of the Lower Silesian Association of Pastiche Artists in Wroc\u0142aw October 2023<\/p>\n<p>Bakariada art review 5 Grand Prix in the category &#034;painting&#034; November 2023\u00a0<\/p>\n<p>Permanent exhibition of watercolors at the headquarters of the 10th Tank Brigade in Svyatoshov since 2015<\/p>\n<p><!-- \/wp:paragraph --><!-- wp:kadence\/image {\"id\":3161,\"ratio\":\"land32\",\"useRatio\":true,\"linkDestination\":\"none\",\"uniqueID\":\"3292_9a085e-27\",\"imagePosition\":\"46% 67%\"} --><\/p>\n<figure class=\"wp-block-kadence-image kb-image3292_9a085e-27 kb-image-is-ratio-size\"><\/figure>\n<p><!-- \/wp:heading --><\/p>\t\t\t\t\t\t\t\t<\/div>\n\t\t\t\t<\/div>\n\t\t\t\t\t<\/div>\n\t\t\t\t<\/div>\n\t\t<div class=\"elementor-element elementor-element-15e14af e-flex e-con-boxed wpr-particle-no wpr-jarallax-no wpr-parallax-no wpr-sticky-section-no e-con e-parent\" data-id=\"15e14af\" data-element_type=\"container\" data-e-type=\"container\">\n\t\t\t\t\t<div class=\"e-con-inner\">\n\t\t\t\t\t<\/div>\n\t\t\t\t<\/div>\n\t\t\t\t<\/div>","protected":false},"excerpt":{"rendered":"<p>Urodzony 22.04.1966 roku w \u017baganiu, obecnie mieszka i tworzy we Wroc\u0142awiu.\u00a0 Biografia Urodzony&nbsp; 22.04.1966 w \u017baganiu, obecnie mieszka i pracuje we Wroc\u0142awiu. Z wykszta\u0142cenia technik, plastyk, tw\u00f3rca akwareli i akrylu. Aktywny spo\u0142ecznik i sympatyk pozytywnie zakr\u0119conych. Rok 2012 jest rokiem prze\u0142omowym zar\u00f3wno w dzia\u0142alno\u015bci spo\u0142ecznej, jak i artystycznej. Jako za\u0142o\u017cyciel i prezes Towarzystwa Historycznego \u015awi\u0119tosz\u00f3w odtworzy\u0142 zapomnian\u0105 histori\u0119 oboz\u00f3w jenieckich tego miasta z lat 1914-1954, uwieczniaj\u0105c pami\u0119\u0107 o zamordowanych wi\u0119\u017aniach pomnikiem, kt\u00f3rego by\u0142 pomys\u0142odawc\u0105, autorem i wykonawc\u0105. Rok 2012 to tak\u017ce powr\u00f3t i rozw\u00f3j jego pasjiartystycznej. Jego obrazy charakteryzuj\u0105 si\u0119 wszechstronno\u015bci\u0105 tematyki, techniki, subtelno\u015bci\u0105 stylu i koloru. 2019-2023 Cz\u0142onek Zarz\u0105du Dolno\u015bl\u0105skiego Zwi\u0105zku Artyst\u00f3w Plastyk\u00f3w we Wroc\u0142awiu. Sta\u0142y uczestnik cyklicznej wystawy malarstwa Aleja Sztuki Bulwar Dunikowskiego we Wroc\u0142awiu. Wystawca wielu wystaw malarstwa, wsp\u00f3\u0142organizator dzia\u0142a\u0144 zwi\u0105zanych z rozwojem kultury Wroc\u0142awia, uczestnik spotka\u0144 poetyckich i artystycznych. Autor obraz\u00f3w do wierszy swojej \u017cony Anny Jakubczyk Krzemianowskiej w tomie \u201eDotykam cieni\u201d. Jego prace ciesz\u0105 si\u0119 du\u017cym zainteresowaniem w kolekcjach w kraju i za granic\u0105.Tworzy tak\u017ce na specjalne zam\u00f3wienia koneser\u00f3w sztuki. Odznaczony Odznak\u0105 Honorow\u0105 Zas\u0142u\u017cony dla Wojew\u00f3dztwa Dolno\u015bl\u0105skiego Wa\u017cne kartki z kalendarza 2012 2012Prze\u0142om w dzia\u0142alno\u015bci Powr\u00f3t i rozw\u00f3j pasji artystycznej Jako za\u0142o\u017cyciel i prezes Stowarzyszenia Historycznego \u015awi\u0119tosz\u00f3w odtworzy\u0142 histori\u0119 zapomnian\u0105 oboz\u00f3w jenieckich tej miejscowo\u015bci w latach 1914 \u2013 1954\u00a0uwieczniaj\u0105c pami\u0119\u0107 zamordowanych je\u0144c\u00f3w pomnikiem, kt\u00f3rego by\u0142 pomys\u0142odawc\u0105, autorem projektu i wykonawc\u0105. 21.09.2013Pierwsza wystawa malarska Wystawa Swoj\u0105 pierwsz\u0105 wystaw\u0119 malarsk\u0105 zorganizowa\u0142 w\u00a0 21.09.2013\u00a0\u00a0na Wielkiej Biesiadzie My\u015bliwskiej w \u0141awszowej ko\u0142o Boles\u0142awca. Kolejne wystawy to:\u00a0\u00a0\u00a0 II Festyn Charytatywny w \u015awi\u0119toszowie maj 2014 Gminny O\u015brodek Kultury w \u0141awszowej lipiec 2014 Klub 10 Brygady Kawalerii Pancernej w \u015awi\u0119toszowie stycze\u0144 2015 Gminna Biblioteka Publiczna w Osiecznicy luty 2015 Sp\u00f3\u0142dzielczy Dom Kultury Wroc\u0142aw stycze\u0144 2017 Wystawa obraz\u00f3w na wieczorze poetyckim w Galerii Sztuki i Miejscu Spotka\u0144\u015aLIMAK we Wroc\u0142awiu maj 2017 Centrum Aktywno\u015bci Spo\u0142ecznej w \u015awi\u0119toszowie maj 2017 Dolno\u015bl\u0105skie Stowarzyszenie Artyst\u00f3w Plastyk\u00f3w we Wroc\u0142awiu sierpie\u0144 2017 Dni Odry Bulwar Xawerego Dunikowskiego Wroc\u0142aw maj 2018 wystawa plenerowa Centrum Historii Zajezdnia we Wroc\u0142awiu wystawa zbiorowa DSAP Wroc\u0142aw 60-lecie istnienia listopad 2018 Centrum Kultury \u201eBakara\u201d Wroc\u0142aw ekspozycja wystawy marzec 2019 IV Spotkanie ze Sztuk\u0105 w DSAP we Wroc\u0142awiu prezentacja tw\u00f3rczo\u015bci czerwiec 2019 Muzeum Miejskie \u201eDom Gerharta Hauptmanna\u201d w Jagni\u0105tkowie wystawa zbiorowa DSAP czerwiec 2019 Klub IV Bazy Logistycznej we Wroc\u0142awiu wystawa zbiorowa DSAP wrzesie\u0144 2019 DSAP Wroc\u0142aw wystawa o tematyce zimowej wernisa\u017c wsp\u00f3lny grudzie\u0144 2019 Sta\u0142y uczestnik cyklicznej wystawy malarskiej we Wroc\u0142awiu Aleja Sztuki Bulwar Dunikowskieg od 2021 Wystawa plenerowa Dni Europy Ole\u015bnica\u00a0\u00a0wrzesie\u0144 2022 Przegl\u0105d Tw\u00f3rczo\u015bci Artystycznej Bakariada I miejsce w kategorii \u201emalarstwo\u201d listopad 2022 \u00a0 Wstawa zbiorowa Ratusz Wroc\u0142awski \u2013 65 Jubileusz Dolno\u015bl\u0105skiego Stowarzyszenia Artyst\u00f3w Pastyk\u00f3w we Wroc\u0142awiu pa\u017adziernik 2023 Przegl\u0105d Tw\u00f3rczo\u015bci Artystycznej Bakariada 5 Grand Prix w kategorii \u201emalarstwo\u201d listopad 2023\u00a0 Sta\u0142a wystawa akwareli w sztabie 10 Brygady Pancernej w \u015awi\u0119toszowie od 2015<\/p>","protected":false},"author":6,"featured_media":0,"parent":0,"menu_order":0,"comment_status":"closed","ping_status":"closed","template":"","meta":{"_kadence_starter_templates_imported_post":false,"footnotes":""},"class_list":["post-3597","page","type-page","status-publish","hentry"],"_links":{"self":[{"href":"https:\/\/jakubczyk.art\/en\/wp-json\/wp\/v2\/pages\/3597","targetHints":{"allow":["GET"]}}],"collection":[{"href":"https:\/\/jakubczyk.art\/en\/wp-json\/wp\/v2\/pages"}],"about":[{"href":"https:\/\/jakubczyk.art\/en\/wp-json\/wp\/v2\/types\/page"}],"author":[{"embeddable":true,"href":"https:\/\/jakubczyk.art\/en\/wp-json\/wp\/v2\/users\/6"}],"replies":[{"embeddable":true,"href":"https:\/\/jakubczyk.art\/en\/wp-json\/wp\/v2\/comments?post=3597"}],"version-history":[{"count":86,"href":"https:\/\/jakubczyk.art\/en\/wp-json\/wp\/v2\/pages\/3597\/revisions"}],"predecessor-version":[{"id":4523,"href":"https:\/\/jakubczyk.art\/en\/wp-json\/wp\/v2\/pages\/3597\/revisions\/4523"}],"wp:attachment":[{"href":"https:\/\/jakubczyk.art\/en\/wp-json\/wp\/v2\/media?parent=3597"}],"curies":[{"name":"wp","href":"https:\/\/api.w.org\/{rel}","templated":true}]}}